{"id":765,"date":"2024-01-14T20:05:43","date_gmt":"2024-01-14T23:05:43","guid":{"rendered":"https:\/\/beagalavanderia.com.br\/?page_id=765"},"modified":"2024-01-19T12:27:38","modified_gmt":"2024-01-19T15:27:38","slug":"como-funciona","status":"publish","type":"page","link":"https:\/\/beagalavanderia.com.br\/index.php\/como-funciona\/","title":{"rendered":"Como funciona"},"content":{"rendered":"\t\t<div data-elementor-type=\"wp-page\" data-elementor-id=\"765\" class=\"elementor elementor-765\">\n\t\t\t\t\t\t\t\t\t<section class=\"elementor-section elementor-top-section elementor-element elementor-element-1e44e0a elementor-section-boxed elementor-section-height-default elementor-section-height-default\" data-id=\"1e44e0a\" data-element_type=\"section\">\n\t\t\t\t\t\t<div class=\"elementor-container elementor-column-gap-default\">\n\t\t\t\t\t<div class=\"aux-parallax-section elementor-column elementor-col-100 elementor-top-column elementor-element elementor-element-9be5653\" data-id=\"9be5653\" data-element_type=\"column\">\n\t\t\t<div class=\"elementor-widget-wrap elementor-element-populated\">\n\t\t\t\t\t\t\t\t<div class=\"elementor-element elementor-element-49d5ed9 aux-appear-watch-animation aux-fade-in-up-1 elementor-widget elementor-widget-aux_modern_heading\" data-id=\"49d5ed9\" data-element_type=\"widget\" data-widget_type=\"aux_modern_heading.default\">\n\t\t\t\t<div class=\"elementor-widget-container\">\n\t\t\t<section class=\"aux-widget-modern-heading\">\n            <div class=\"aux-widget-inner\"><h2 class=\"aux-modern-heading-primary\"><\/h2><h6 class=\"aux-modern-heading-secondary\"><span class=\"aux-head-before\">instru\u00e7\u00f5es de uso<\/span><\/h6><\/div>\n        <\/section>\t\t<\/div>\n\t\t\t\t<\/div>\n\t\t\t\t<div class=\"elementor-element elementor-element-d468fa0 aux-appear-watch-animation aux-fade-in-right-2 elementor-widget elementor-widget-aux_modern_heading\" data-id=\"d468fa0\" data-element_type=\"widget\" data-widget_type=\"aux_modern_heading.default\">\n\t\t\t\t<div class=\"elementor-widget-container\">\n\t\t\t<section class=\"aux-widget-modern-heading\">\n            <div class=\"aux-widget-inner\"><h5 class=\"aux-modern-heading-primary\"><\/h5><h3 class=\"aux-modern-heading-secondary\"><span class=\"aux-head-before\">1. PAGAMENTO E LIBERA\u00c7\u00c3O DA M\u00c1QUINA<\/span><\/h3><div class=\"aux-modern-heading-description\"><p>1.1. No totem de pagamento, escolha o tipo de servi\u00e7o que deseja utilizar: lavagem ou secagem de roupas.<\/p><p>1.2. Se desejar informar seus dados para emitir uma nota fiscal de servi\u00e7o, fa\u00e7a seu cadastro no sistema. Caso contr\u00e1rio, voc\u00ea pode prosseguir sem fornecer qualquer informa\u00e7\u00e3o. Neste caso, n\u00e3o ser\u00e1 poss\u00edvel emitir uma nota fiscal.<\/p><p>1.3. Escolha o equipamento que deseja utilizar.<\/p><p>1.4. Verifique se o servi\u00e7o escolhido \u00e9 exibido corretamente na tela de confirma\u00e7\u00e3o. Se voc\u00ea possui um voucher, pode inseri-lo na op\u00e7\u00e3o \u201c$ Cupom de desconto\u201d. Se estiver tudo certo, clique em \u201cContinuar\u201d.<\/p><p>1.5. Selecione a forma de pagamento e finalize a opera\u00e7\u00e3o na leitora de cart\u00f5es.<\/p><p>1.6. V\u00e1 at\u00e9 o equipamento escolhido, que foi liberado imediatamente ap\u00f3s o pagamento, e inicie o servi\u00e7o conforme as instru\u00e7\u00f5es presentes no quadro de instru\u00e7\u00f5es de uso.<\/p><\/div><\/div>\n        <\/section>\t\t<\/div>\n\t\t\t\t<\/div>\n\t\t\t\t<div class=\"elementor-element elementor-element-de69d0b aux-appear-watch-animation aux-fade-in-right-2 elementor-widget elementor-widget-aux_modern_heading\" data-id=\"de69d0b\" data-element_type=\"widget\" data-widget_type=\"aux_modern_heading.default\">\n\t\t\t\t<div class=\"elementor-widget-container\">\n\t\t\t<section class=\"aux-widget-modern-heading\">\n            <div class=\"aux-widget-inner\"><h5 class=\"aux-modern-heading-primary\"><\/h5><h3 class=\"aux-modern-heading-secondary\"><span class=\"aux-head-before\">2. PARA LAVAR<\/span><\/h3><div class=\"aux-modern-heading-description\"><p>2.1. Separe suas roupas brancas das coloridas e as lave em ciclos diferentes.<\/p><p>2.2. Verifique se h\u00e1 objetos nos bolsos antes de iniciar a lavagem.<\/p><p>2.3. Use um cesto medidor para determinar a quantidade m\u00e1xima de roupas que ser\u00e3o inseridas na m\u00e1quina. Se o limite do cesto for ultrapassado, a limpeza das suas roupas pode ficar prejudicada. Solte as roupas no cesto, sem compact\u00e1-las e sem dobr\u00e1-las.<\/p><p>2.4. Insira as roupas na lavadora escolhida e feche a porta.<\/p><p>2.5. Selecione o tipo de lavagem desejada - leve, m\u00e9dia ou pesada - e pressione o bot\u00e3o INICIAR.<\/p><p>2.6. A m\u00e1quina ir\u00e1 dosar automaticamente lava roupas l\u00edquido, tira manchas e amaciante das linhas profissionais de OMO e Comfort. N\u00e3o \u00e9 poss\u00edvel interromper a lavagem at\u00e9 o t\u00e9rmino do ciclo, que dura 30 minutos.<\/p><\/div><\/div>\n        <\/section>\t\t<\/div>\n\t\t\t\t<\/div>\n\t\t\t\t<div class=\"elementor-element elementor-element-6924ac4 aux-appear-watch-animation aux-fade-in-right-2 elementor-widget elementor-widget-aux_modern_heading\" data-id=\"6924ac4\" data-element_type=\"widget\" data-widget_type=\"aux_modern_heading.default\">\n\t\t\t\t<div class=\"elementor-widget-container\">\n\t\t\t<section class=\"aux-widget-modern-heading\">\n            <div class=\"aux-widget-inner\"><h5 class=\"aux-modern-heading-primary\"><\/h5><h3 class=\"aux-modern-heading-secondary\"><span class=\"aux-head-before\">3. PARA SECAR<\/span><\/h3><div class=\"aux-modern-heading-description\"><p>3.1. Verifique o filtro da secadora, localizado na parte inferior e frontal do cesto. Se necess\u00e1rio, fa\u00e7a a sua limpeza antes de iniciar a secagem para obter um melhor resultado.<\/p><p>3.2. Insira as roupas na secadora escolhida, respeitando a capacidade do cesto medidor, e feche a porta.<\/p><p>3.3. Selecione a temperatura de secagem desejada - alta, m\u00e9dia, baixa ou delicada - e pressione o bot\u00e3o INICIAR.<\/p><p>3.4. A secagem dura at\u00e9 45 minutos e pode ser interrompida a qualquer momento do ciclo, bastando abrir a tampa do equipamento. Caso deseje retomar a secagem ap\u00f3s uma interrup\u00e7\u00e3o, basta fechar a tampa e pressionar novamente o bot\u00e3o INICIAR. Quando a secagem \u00e9 interrompida, o temporizador n\u00e3o \u00e9 pausado.<\/p><p>3.5. Ao secar pe\u00e7as grandes (como len\u00e7\u00f3is, por exemplo), abra a secadora a cada 10 ou 15 minutos e reposicione as pe\u00e7as, para que fiquem secas de forma homog\u00eanea.<\/p><p>3.6. Para facilitar ou mesmo dispensar a passadoria, sugerimos que voc\u00ea dobre ou pendure suas roupas em cabides imediatamente ap\u00f3s o t\u00e9rmino do ciclo de secagem.<\/p><p>3.7. Ao t\u00e9rmino do ciclo, pedimos a gentileza de limpar o filtro da secadora para que o pr\u00f3ximo usu\u00e1rio tamb\u00e9m tenha uma boa experi\u00eancia.<\/p><\/div><\/div>\n        <\/section>\t\t<\/div>\n\t\t\t\t<\/div>\n\t\t\t\t\t<\/div>\n\t\t<\/div>\n\t\t\t\t\t\t\t<\/div>\n\t\t<\/section>\n\t\t\t\t<section class=\"elementor-section elementor-top-section elementor-element elementor-element-94b41e0 elementor-section-boxed elementor-section-height-default elementor-section-height-default\" data-id=\"94b41e0\" data-element_type=\"section\">\n\t\t\t\t\t\t<div class=\"elementor-container elementor-column-gap-default\">\n\t\t\t\t\t<div class=\"aux-parallax-section elementor-column elementor-col-100 elementor-top-column elementor-element elementor-element-f2b5401\" data-id=\"f2b5401\" data-element_type=\"column\">\n\t\t\t<div class=\"elementor-widget-wrap elementor-element-populated\">\n\t\t\t\t\t\t\t\t<div class=\"elementor-element elementor-element-2ebbde9 aux-appear-watch-animation aux-fade-in-up-1 elementor-widget elementor-widget-aux_modern_heading\" data-id=\"2ebbde9\" data-element_type=\"widget\" data-widget_type=\"aux_modern_heading.default\">\n\t\t\t\t<div class=\"elementor-widget-container\">\n\t\t\t<section class=\"aux-widget-modern-heading\">\n            <div class=\"aux-widget-inner\"><h2 class=\"aux-modern-heading-primary\"><\/h2><h6 class=\"aux-modern-heading-secondary\"><span class=\"aux-head-before\">ATEN\u00c7\u00c3O!<\/span><\/h6><\/div>\n        <\/section>\t\t<\/div>\n\t\t\t\t<\/div>\n\t\t\t\t<div class=\"elementor-element elementor-element-e038207 aux-appear-watch-animation aux-fade-in-right-2 elementor-widget elementor-widget-aux_modern_heading\" data-id=\"e038207\" data-element_type=\"widget\" data-widget_type=\"aux_modern_heading.default\">\n\t\t\t\t<div class=\"elementor-widget-container\">\n\t\t\t<section class=\"aux-widget-modern-heading\">\n            <div class=\"aux-widget-inner\"><h5 class=\"aux-modern-heading-primary\"><\/h5><h3 class=\"aux-modern-heading-secondary\"><span class=\"aux-head-before\">N\u00c3O INSIRA OS SEGUINTES ITENS NAS M\u00c1QUINAS:<\/span><\/h3><div class=\"aux-modern-heading-description\"><p>N\u00e3o \u00e9 permitida a lavagem ou secagem de roupas ou acess\u00f3rios de animais, tampouco de roupas hospitalares, tecidos com pedrarias, couros, peles, pel\u00facias, sapatos, t\u00eanis, almofadas, travesseiros, tapetes, cortinas ou similares. N\u00e3o adicione produtos de limpeza nas lavadoras, pois elas j\u00e1 dosam a quantidade necess\u00e1ria para lavar suas roupas da melhor maneira.<\/p><\/div><\/div>\n        <\/section>\t\t<\/div>\n\t\t\t\t<\/div>\n\t\t\t\t<div class=\"elementor-element elementor-element-74d0a85 aux-appear-watch-animation aux-fade-in-right-2 elementor-widget elementor-widget-aux_modern_heading\" data-id=\"74d0a85\" data-element_type=\"widget\" data-widget_type=\"aux_modern_heading.default\">\n\t\t\t\t<div class=\"elementor-widget-container\">\n\t\t\t<section class=\"aux-widget-modern-heading\">\n            <div class=\"aux-widget-inner\"><h5 class=\"aux-modern-heading-primary\"><\/h5><h3 class=\"aux-modern-heading-secondary\"><span class=\"aux-head-before\">SAB\u00c3O E AMACIANTE S\u00c3O DOSADOS AUTOMATICAMENTE!<\/span><\/h3><div class=\"aux-modern-heading-description\"><p>N\u00e3o adicione produtos de limpeza nas lavadoras, pois elas j\u00e1 dosam a quantidade necess\u00e1ria para lavar suas roupas da melhor maneira.<\/p><\/div><\/div>\n        <\/section>\t\t<\/div>\n\t\t\t\t<\/div>\n\t\t\t\t\t<\/div>\n\t\t<\/div>\n\t\t\t\t\t\t\t<\/div>\n\t\t<\/section>\n\t\t\t\t<section class=\"elementor-section elementor-top-section elementor-element elementor-element-aad9394 elementor-section-boxed elementor-section-height-default elementor-section-height-default\" data-id=\"aad9394\" data-element_type=\"section\">\n\t\t\t\t\t\t<div class=\"elementor-container elementor-column-gap-default\">\n\t\t\t\t\t<div class=\"aux-parallax-section elementor-column elementor-col-100 elementor-top-column elementor-element elementor-element-fe9ddad\" data-id=\"fe9ddad\" data-element_type=\"column\">\n\t\t\t<div class=\"elementor-widget-wrap elementor-element-populated\">\n\t\t\t\t\t\t\t\t<div class=\"elementor-element elementor-element-13d8968 aux-appear-watch-animation aux-fade-in-up-1 elementor-widget elementor-widget-aux_modern_heading\" data-id=\"13d8968\" data-element_type=\"widget\" data-widget_type=\"aux_modern_heading.default\">\n\t\t\t\t<div class=\"elementor-widget-container\">\n\t\t\t<section class=\"aux-widget-modern-heading\">\n            <div class=\"aux-widget-inner\"><h2 class=\"aux-modern-heading-primary\"><\/h2><h6 class=\"aux-modern-heading-secondary\"><span class=\"aux-head-before\">COMO USAR O CESTO MEDIDOR<\/span><\/h6><\/div>\n        <\/section>\t\t<\/div>\n\t\t\t\t<\/div>\n\t\t\t\t<div class=\"elementor-element elementor-element-5589c77 aux-appear-watch-animation aux-fade-in-right-2 elementor-widget elementor-widget-aux_modern_heading\" data-id=\"5589c77\" data-element_type=\"widget\" data-widget_type=\"aux_modern_heading.default\">\n\t\t\t\t<div class=\"elementor-widget-container\">\n\t\t\t<section class=\"aux-widget-modern-heading\">\n            <div class=\"aux-widget-inner\"><h5 class=\"aux-modern-heading-primary\"><\/h5><div class=\"aux-modern-heading-description\"><p>Uma m\u00e1quina sobrecarregada n\u00e3o lava ou seca com efici\u00eancia e, ao ultrapassar o limite estabelecido, o cliente assume a responsabilidade pelo risco de danificar a m\u00e1quina e\/ou as roupas nela inseridas.<\/p><p>Use o cesto medidor conforme as instru\u00e7\u00f5es abaixo:<\/p><\/div><\/div>\n        <\/section>\t\t<\/div>\n\t\t\t\t<\/div>\n\t\t\t\t\t<\/div>\n\t\t<\/div>\n\t\t\t\t\t\t\t<\/div>\n\t\t<\/section>\n\t\t\t\t<section class=\"elementor-section elementor-top-section elementor-element elementor-element-ca6c1cd elementor-section-boxed elementor-section-height-default elementor-section-height-default\" data-id=\"ca6c1cd\" data-element_type=\"section\">\n\t\t\t\t\t\t<div class=\"elementor-container elementor-column-gap-default\">\n\t\t\t\t\t<div class=\"aux-parallax-section elementor-column elementor-col-33 elementor-top-column elementor-element elementor-element-281e2d9\" data-id=\"281e2d9\" data-element_type=\"column\">\n\t\t\t<div class=\"elementor-widget-wrap elementor-element-populated\">\n\t\t\t\t\t\t\t\t<div class=\"elementor-element elementor-element-61259ad aux-appear-watch-animation aux-fade-in-right-2 elementor-widget elementor-widget-aux_text\" data-id=\"61259ad\" data-element_type=\"widget\" data-widget_type=\"aux_text.default\">\n\t\t\t\t<div class=\"elementor-widget-container\">\n\t\t\t<section class=\"widget-container aux-widget-text aux-parent-au4aaaf745\">        <div class=\"aux-widget-advanced-text aux-wrap-style-simple aux-ico-pos-top aux-text-left aux-text-resp-center aux-text-color-dark aux-text-widget-bg-center  \" >\n        \n                            <div class=\"aux-text-widget-header \"  >\n                        <div class=\"aux-ico-box aux-ico-large aux-img-box aux-ico-shape-default aux-ico-clear \">\n                                                                <img fetchpriority=\"high\" decoding=\"async\" width=\"250\" height=\"250\" src=\"image\/gif;base64,R0lGODlhAQABAIAAAAAAAP\/\/\/yH5BAEAAAAALAAAAAABAAEAAAIBRAA7\" class=\"aux-attachment aux-featured-image aux-attachment-id-1204 aux-preload aux-blank\" data-ratio=\"1\" data-original-w=\"5906\" data-srcset=\"https:\/\/beagalavanderia.com.br\/wp-content\/uploads\/2024\/01\/cesto-2-150x150.png 150w,https:\/\/beagalavanderia.com.br\/wp-content\/uploads\/2024\/01\/cesto-2-300x300.png 300w,https:\/\/beagalavanderia.com.br\/wp-content\/uploads\/2024\/01\/cesto-2-768x768.png 768w,https:\/\/beagalavanderia.com.br\/wp-content\/uploads\/2024\/01\/cesto-2-1024x1024.png 1024w,https:\/\/beagalavanderia.com.br\/wp-content\/uploads\/2024\/01\/cesto-2-250x250.png 250w\" data-src=\"https:\/\/beagalavanderia.com.br\/wp-content\/uploads\/2024\/01\/cesto-2-250x250.png\" \/>                                                    <\/div>\n                <\/div>\n            \n            <div class=\"aux-text-inner aux-text-widget-content\">\n                                <h4 class=\"col-title\">CORRETO<\/h4>\n                                <div class=\"widget-content\">\n                                        <p>Solte as roupas no cesto, sem compact\u00e1-las.<\/p><p>\u00a0<\/p><p>\u00a0<\/p>                <\/div>\n                            <\/div>\n        <\/div>\n                    <div class=\"aux-text-widget-footer\">\n                <div class=\"aux-border-shape-none \">\n                                <\/div>\n            <\/div>\n        \n<\/section><!-- widget-container -->\t\t<\/div>\n\t\t\t\t<\/div>\n\t\t\t\t\t<\/div>\n\t\t<\/div>\n\t\t\t\t<div class=\"aux-parallax-section elementor-column elementor-col-33 elementor-top-column elementor-element elementor-element-1b04ccb\" data-id=\"1b04ccb\" data-element_type=\"column\">\n\t\t\t<div class=\"elementor-widget-wrap elementor-element-populated\">\n\t\t\t\t\t\t\t\t<div class=\"elementor-element elementor-element-340168f aux-appear-watch-animation aux-fade-in-right-2 elementor-widget elementor-widget-aux_text\" data-id=\"340168f\" data-element_type=\"widget\" data-widget_type=\"aux_text.default\">\n\t\t\t\t<div class=\"elementor-widget-container\">\n\t\t\t<section class=\"widget-container aux-widget-text aux-parent-au5f501692\">        <div class=\"aux-widget-advanced-text aux-wrap-style-simple aux-ico-pos-top aux-text-left aux-text-resp-center aux-text-color-dark aux-text-widget-bg-center  \" >\n        \n                            <div class=\"aux-text-widget-header \"  >\n                        <div class=\"aux-ico-box aux-ico-large aux-img-box aux-ico-shape-default aux-ico-clear \">\n                                                                <img decoding=\"async\" width=\"250\" height=\"250\" src=\"image\/gif;base64,R0lGODlhAQABAIAAAAAAAP\/\/\/yH5BAEAAAAALAAAAAABAAEAAAIBRAA7\" class=\"aux-attachment aux-featured-image aux-attachment-id-1205 aux-preload aux-blank\" data-ratio=\"1\" data-original-w=\"5906\" data-srcset=\"https:\/\/beagalavanderia.com.br\/wp-content\/uploads\/2024\/01\/cesto-3-150x150.png 150w,https:\/\/beagalavanderia.com.br\/wp-content\/uploads\/2024\/01\/cesto-3-300x300.png 300w,https:\/\/beagalavanderia.com.br\/wp-content\/uploads\/2024\/01\/cesto-3-768x768.png 768w,https:\/\/beagalavanderia.com.br\/wp-content\/uploads\/2024\/01\/cesto-3-1024x1024.png 1024w,https:\/\/beagalavanderia.com.br\/wp-content\/uploads\/2024\/01\/cesto-3-250x250.png 250w\" data-src=\"https:\/\/beagalavanderia.com.br\/wp-content\/uploads\/2024\/01\/cesto-3-250x250.png\" \/>                                                    <\/div>\n                <\/div>\n            \n            <div class=\"aux-text-inner aux-text-widget-content\">\n                                <h4 class=\"col-title\">ERRADO<\/h4>\n                                <div class=\"widget-content\">\n                                        <p>N\u00e3o dobre as roupas antes de coloc\u00e1-las no cesto.<\/p><p>\u00a0<\/p><p>\u00a0<\/p>                <\/div>\n                            <\/div>\n        <\/div>\n                    <div class=\"aux-text-widget-footer\">\n                <div class=\"aux-border-shape-none \">\n                                <\/div>\n            <\/div>\n        \n<\/section><!-- widget-container -->\t\t<\/div>\n\t\t\t\t<\/div>\n\t\t\t\t\t<\/div>\n\t\t<\/div>\n\t\t\t\t<div class=\"aux-parallax-section elementor-column elementor-col-33 elementor-top-column elementor-element elementor-element-9df8f44\" data-id=\"9df8f44\" data-element_type=\"column\">\n\t\t\t<div class=\"elementor-widget-wrap elementor-element-populated\">\n\t\t\t\t\t\t\t\t<div class=\"elementor-element elementor-element-66c67e2 aux-appear-watch-animation aux-fade-in-right-2 elementor-widget elementor-widget-aux_text\" data-id=\"66c67e2\" data-element_type=\"widget\" data-widget_type=\"aux_text.default\">\n\t\t\t\t<div class=\"elementor-widget-container\">\n\t\t\t<section class=\"widget-container aux-widget-text aux-parent-au2c27024c\">        <div class=\"aux-widget-advanced-text aux-wrap-style-simple aux-ico-pos-top aux-text-left aux-text-resp-center aux-text-color-dark aux-text-widget-bg-center  \" >\n        \n                            <div class=\"aux-text-widget-header \"  >\n                        <div class=\"aux-ico-box aux-ico-large aux-img-box aux-ico-shape-default aux-ico-clear \">\n                                                                <img decoding=\"async\" width=\"250\" height=\"250\" src=\"image\/gif;base64,R0lGODlhAQABAIAAAAAAAP\/\/\/yH5BAEAAAAALAAAAAABAAEAAAIBRAA7\" class=\"aux-attachment aux-featured-image aux-attachment-id-1206 aux-preload aux-blank\" data-ratio=\"1\" data-original-w=\"5906\" data-srcset=\"https:\/\/beagalavanderia.com.br\/wp-content\/uploads\/2024\/01\/cesto-4-150x150.png 150w,https:\/\/beagalavanderia.com.br\/wp-content\/uploads\/2024\/01\/cesto-4-300x300.png 300w,https:\/\/beagalavanderia.com.br\/wp-content\/uploads\/2024\/01\/cesto-4-768x768.png 768w,https:\/\/beagalavanderia.com.br\/wp-content\/uploads\/2024\/01\/cesto-4-1024x1024.png 1024w,https:\/\/beagalavanderia.com.br\/wp-content\/uploads\/2024\/01\/cesto-4-250x250.png 250w\" data-src=\"https:\/\/beagalavanderia.com.br\/wp-content\/uploads\/2024\/01\/cesto-4-250x250.png\" \/>                                                    <\/div>\n                <\/div>\n            \n            <div class=\"aux-text-inner aux-text-widget-content\">\n                                <h4 class=\"col-title\">ERRADO<\/h4>\n                                <div class=\"widget-content\">\n                                        <p>A capacidade m\u00e1xima \u00e9 atingida quando o volume de roupas tangencia as bordas do cesto, sem ultrapass\u00e1-las.<\/p>                <\/div>\n                            <\/div>\n        <\/div>\n                    <div class=\"aux-text-widget-footer\">\n                <div class=\"aux-border-shape-none \">\n                                <\/div>\n            <\/div>\n        \n<\/section><!-- widget-container -->\t\t<\/div>\n\t\t\t\t<\/div>\n\t\t\t\t\t<\/div>\n\t\t<\/div>\n\t\t\t\t\t\t\t<\/div>\n\t\t<\/section>\n\t\t\t\t\t\t\t<\/div>\n\t\t","protected":false},"excerpt":{"rendered":"<p>instru\u00e7\u00f5es de uso 1. PAGAMENTO E LIBERA\u00c7\u00c3O DA M\u00c1QUINA 1.1. No totem de pagamento, escolha o tipo de servi\u00e7o que deseja utilizar: lavagem ou secagem de roupas. 1.2. Se desejar informar seus dados para emitir uma nota fiscal de servi\u00e7o, fa\u00e7a seu cadastro no sistema. Caso contr\u00e1rio, voc\u00ea pode prosseguir sem fornecer qualquer informa\u00e7\u00e3o. Neste [&hellip;]<\/p>\n","protected":false},"author":1,"featured_media":0,"parent":0,"menu_order":0,"comment_status":"closed","ping_status":"closed","template":"","meta":{"footnotes":""},"_links":{"self":[{"href":"https:\/\/beagalavanderia.com.br\/index.php\/wp-json\/wp\/v2\/pages\/765"}],"collection":[{"href":"https:\/\/beagalavanderia.com.br\/index.php\/wp-json\/wp\/v2\/pages"}],"about":[{"href":"https:\/\/beagalavanderia.com.br\/index.php\/wp-json\/wp\/v2\/types\/page"}],"author":[{"embeddable":true,"href":"https:\/\/beagalavanderia.com.br\/index.php\/wp-json\/wp\/v2\/users\/1"}],"replies":[{"embeddable":true,"href":"https:\/\/beagalavanderia.com.br\/index.php\/wp-json\/wp\/v2\/comments?post=765"}],"version-history":[{"count":38,"href":"https:\/\/beagalavanderia.com.br\/index.php\/wp-json\/wp\/v2\/pages\/765\/revisions"}],"predecessor-version":[{"id":1229,"href":"https:\/\/beagalavanderia.com.br\/index.php\/wp-json\/wp\/v2\/pages\/765\/revisions\/1229"}],"wp:attachment":[{"href":"https:\/\/beagalavanderia.com.br\/index.php\/wp-json\/wp\/v2\/media?parent=765"}],"curies":[{"name":"wp","href":"https:\/\/api.w.org\/{rel}","templated":true}]}}