{"id":759,"date":"2024-01-14T19:59:30","date_gmt":"2024-01-14T22:59:30","guid":{"rendered":"https:\/\/beagalavanderia.com.br\/?page_id=759"},"modified":"2024-01-19T12:33:11","modified_gmt":"2024-01-19T15:33:11","slug":"termos-de-uso","status":"publish","type":"page","link":"https:\/\/beagalavanderia.com.br\/index.php\/termos-de-uso\/","title":{"rendered":"Termos de uso"},"content":{"rendered":"\t\t<div data-elementor-type=\"wp-page\" data-elementor-id=\"759\" class=\"elementor elementor-759\">\n\t\t\t\t\t\t\t\t\t<section class=\"elementor-section elementor-top-section elementor-element elementor-element-58c3e93 elementor-section-boxed elementor-section-height-default elementor-section-height-default\" data-id=\"58c3e93\" data-element_type=\"section\">\n\t\t\t\t\t\t<div class=\"elementor-container elementor-column-gap-default\">\n\t\t\t\t\t<div class=\"aux-parallax-section elementor-column elementor-col-100 elementor-top-column elementor-element elementor-element-8b32483\" data-id=\"8b32483\" data-element_type=\"column\">\n\t\t\t<div class=\"elementor-widget-wrap elementor-element-populated\">\n\t\t\t\t\t\t\t\t<div class=\"elementor-element elementor-element-bf3d5ed aux-appear-watch-animation aux-fade-in-up-1 elementor-widget elementor-widget-aux_modern_heading\" data-id=\"bf3d5ed\" data-element_type=\"widget\" data-widget_type=\"aux_modern_heading.default\">\n\t\t\t\t<div class=\"elementor-widget-container\">\n\t\t\t<section class=\"aux-widget-modern-heading\">\n            <div class=\"aux-widget-inner\"><h2 class=\"aux-modern-heading-primary\"><\/h2><h6 class=\"aux-modern-heading-secondary\"><span class=\"aux-head-before\">Termos de uso<\/span><\/h6><\/div>\n        <\/section>\t\t<\/div>\n\t\t\t\t<\/div>\n\t\t\t\t<div class=\"elementor-element elementor-element-bb0bc45 aux-appear-watch-animation aux-fade-in-right-2 elementor-widget elementor-widget-aux_modern_heading\" data-id=\"bb0bc45\" data-element_type=\"widget\" data-widget_type=\"aux_modern_heading.default\">\n\t\t\t\t<div class=\"elementor-widget-container\">\n\t\t\t<section class=\"aux-widget-modern-heading\">\n            <div class=\"aux-widget-inner\"><h5 class=\"aux-modern-heading-primary\"><\/h5><div class=\"aux-modern-heading-description\"><h5><strong>A Beag\u00e1 Lavanderia Autosservi\u00e7o oferece um servi\u00e7o no qual o pr\u00f3prio cliente utiliza nossas m\u00e1quinas para lavar e\/ou secar suas roupas de uso pessoal, cama, mesa e banho. Portanto, ao optar por utilizar nossos servi\u00e7os, o cliente automaticamente aceita todas as condi\u00e7\u00f5es ora estipuladas, assumindo integralmente quaisquer preju\u00edzos decorrentes da n\u00e3o observ\u00e2ncia das regras de uso e das instru\u00e7\u00f5es contidas neste documento e em nossos quadros informativos. <\/strong><\/h5><p>1. \u00c9 de responsabilidade exclusiva do cliente o manuseio e o cuidado com suas roupas e pertences durante o per\u00edodo em que permanecer em nossas depend\u00eancias. N\u00e3o nos responsabilizamos por furtos, roubos ou por danos materiais que possam ocorrer durante os procedimentos de lavagem e secagem, resultantes do uso indevido de nossas m\u00e1quinas e\/ou do descumprimento de suas instru\u00e7\u00f5es de uso.<\/p><p>2. Todos os clientes devem obedecer a ordem de chegada para utilizar nossas m\u00e1quinas. As pessoas com defici\u00eancia, as pessoas com transtorno do espectro autista, as pessoas idosas com idade igual ou superior a 60 (sessenta) anos, as gestantes, as lactantes, as pessoas com crian\u00e7as de colo, os obesos, as pessoas com mobilidade reduzida e os doadores de sangue ter\u00e3o atendimento priorit\u00e1rio, nos termos da Lei n\u00ba 14.626 de 2023.<\/p><p>3. Para utilizar nossas m\u00e1quinas, \u00e9 obrigat\u00f3rio medir a quantidade de roupas por meio do cesto medidor que se encontra dispon\u00edvel no interior da loja, nunca excedendo a sua capacidade m\u00e1xima. Solte as roupas no cesto, sem compact\u00e1-las e sem dobr\u00e1-las. A capacidade m\u00e1xima \u00e9 atingida quando o volume de roupas tangencia as bordas do cesto, sem ultrapass\u00e1-las. Uma m\u00e1quina sobrecarregada n\u00e3o lava ou seca com efici\u00eancia e, ao ultrapassar o limite estabelecido, o cliente assume a responsabilidade pelo risco de danificar a m\u00e1quina e\/ou as roupas nela inseridas.<\/p><p>4. Nossas m\u00e1quinas destinam-se unicamente \u00e0 higieniza\u00e7\u00e3o de roupas de uso pessoal, cama, mesa e banho. N\u00e3o \u00e9 permitida a lavagem ou secagem de roupas ou acess\u00f3rios de animais, tampouco de roupas hospitalares, tecidos com pedrarias, couros, peles, pel\u00facias, sapatos, t\u00eanis, almofadas, travesseiros, tapetes, cortinas ou similares.<\/p><p>5. Nossas m\u00e1quinas dosam automaticamente sab\u00e3o, tira manchas e amaciante, sendo proibido adicionar quaisquer produtos de limpeza ao cesto.<\/p><p>6. Para evitar poss\u00edveis manchas ou avarias, o cliente deve lavar suas roupas claras separadamente das suas roupas escuras, bem como verificar a exist\u00eancia de objetos nos bolsos.<\/p><p>7. A lavanderia \u00e9 monitorada por c\u00e2meras de seguran\u00e7a 24 horas por dia, as imagens s\u00e3o guardadas remotamente e podem ser utilizadas para identificar poss\u00edveis causadores de danos patrimoniais, mau uso dos equipamentos ou transtornos a outros clientes, com responsabiliza\u00e7\u00e3o civil e criminal dos respons\u00e1veis.<\/p><p>8. De acordo com a Lei n\u00ba 12.546 de 2011, \u00e9 expressamente proibido fumar nas depend\u00eancias da lavanderia, inclusive cigarros eletr\u00f4nicos ou quaisquer outros dispositivos.<\/p><p>9. Ao detectar qualquer problema nas m\u00e1quinas, sentir alguma dificuldade em utiliz\u00e1-las ou em caso de falta de energia el\u00e9trica durante os procedimentos de lavagem ou secagem, o cliente deve entrar em contato imediatamente com o suporte t\u00e9cnico pelo telefone (31) 98359-2353.<\/p><\/div><\/div>\n        <\/section>\t\t<\/div>\n\t\t\t\t<\/div>\n\t\t\t\t\t<\/div>\n\t\t<\/div>\n\t\t\t\t\t\t\t<\/div>\n\t\t<\/section>\n\t\t\t\t\t\t\t<\/div>\n\t\t","protected":false},"excerpt":{"rendered":"<p>Termos de uso A Beag\u00e1 Lavanderia Autosservi\u00e7o oferece um servi\u00e7o no qual o pr\u00f3prio cliente utiliza nossas m\u00e1quinas para lavar e\/ou secar suas roupas de uso pessoal, cama, mesa e banho. Portanto, ao optar por utilizar nossos servi\u00e7os, o cliente automaticamente aceita todas as condi\u00e7\u00f5es ora estipuladas, assumindo integralmente quaisquer preju\u00edzos decorrentes da n\u00e3o observ\u00e2ncia [&hellip;]<\/p>\n","protected":false},"author":1,"featured_media":0,"parent":0,"menu_order":0,"comment_status":"closed","ping_status":"closed","template":"","meta":{"footnotes":""},"_links":{"self":[{"href":"https:\/\/beagalavanderia.com.br\/index.php\/wp-json\/wp\/v2\/pages\/759"}],"collection":[{"href":"https:\/\/beagalavanderia.com.br\/index.php\/wp-json\/wp\/v2\/pages"}],"about":[{"href":"https:\/\/beagalavanderia.com.br\/index.php\/wp-json\/wp\/v2\/types\/page"}],"author":[{"embeddable":true,"href":"https:\/\/beagalavanderia.com.br\/index.php\/wp-json\/wp\/v2\/users\/1"}],"replies":[{"embeddable":true,"href":"https:\/\/beagalavanderia.com.br\/index.php\/wp-json\/wp\/v2\/comments?post=759"}],"version-history":[{"count":8,"href":"https:\/\/beagalavanderia.com.br\/index.php\/wp-json\/wp\/v2\/pages\/759\/revisions"}],"predecessor-version":[{"id":1234,"href":"https:\/\/beagalavanderia.com.br\/index.php\/wp-json\/wp\/v2\/pages\/759\/revisions\/1234"}],"wp:attachment":[{"href":"https:\/\/beagalavanderia.com.br\/index.php\/wp-json\/wp\/v2\/media?parent=759"}],"curies":[{"name":"wp","href":"https:\/\/api.w.org\/{rel}","templated":true}]}}